{"id":369,"date":"2025-10-05T15:46:55","date_gmt":"2025-10-05T13:46:55","guid":{"rendered":"https:\/\/metacosme.me\/?page_id=369"},"modified":"2026-01-31T17:18:35","modified_gmt":"2026-01-31T16:18:35","slug":"atelier-gestion-stress-theorie-polyvagale","status":"publish","type":"page","link":"https:\/\/metacosme.me\/index.php\/atelier-gestion-stress-theorie-polyvagale\/","title":{"rendered":"Ateliers"},"content":{"rendered":"\n<div class=\"wp-block-media-text alignwide is-stacked-on-mobile\" style=\"grid-template-columns:37% auto\"><figure class=\"wp-block-media-text__media\"><img loading=\"lazy\" decoding=\"async\" width=\"1024\" height=\"587\" src=\"https:\/\/metacosme.me\/wp-content\/uploads\/2021\/02\/Pissenlit-montgolfiere-1024x587.jpg\" alt=\"\" class=\"wp-image-77 size-full\" srcset=\"https:\/\/metacosme.me\/wp-content\/uploads\/2021\/02\/Pissenlit-montgolfiere-1024x587.jpg 1024w, https:\/\/metacosme.me\/wp-content\/uploads\/2021\/02\/Pissenlit-montgolfiere-300x172.jpg 300w, https:\/\/metacosme.me\/wp-content\/uploads\/2021\/02\/Pissenlit-montgolfiere-768x440.jpg 768w, https:\/\/metacosme.me\/wp-content\/uploads\/2021\/02\/Pissenlit-montgolfiere-1536x881.jpg 1536w, https:\/\/metacosme.me\/wp-content\/uploads\/2021\/02\/Pissenlit-montgolfiere.jpg 1920w\" sizes=\"auto, (max-width: 1024px) 100vw, 1024px\" \/><\/figure><div class=\"wp-block-media-text__content\">\n<p><\/p>\n\n\n\n<h3 class=\"wp-block-heading has-large-font-size\">Atelier D\u00e9couverte<\/h3>\n\n\n\n<h2 class=\"wp-block-heading\">De retour en 2026!<\/h2>\n<\/div><\/div>\n\n\n\n<h4 class=\"wp-block-heading\"><strong><mark style=\"background-color:rgba(0, 0, 0, 0)\" class=\"has-inline-color has-vivid-purple-color\">Attention! Si vous avez manifest\u00e9 votre int\u00e9r\u00eat, v\u00e9rifiez bien vos spams pour les communications ult\u00e9rieures. Vous recevrez les mails de l&rsquo;adresse isabelle@metacosme.me. Merci.<\/mark><\/strong><\/h4>\n\n\n\n<h2 class=\"wp-block-heading\">Atelier d\u00e9couverte de 5 pratiques et exercices d&rsquo;autor\u00e9gulation inspir\u00e9s par la th\u00e9orie polyvagale et expliqu\u00e9s par la neurobiologie du syst\u00e8me nerveux<\/h2>\n\n\n\n<p class=\"has-text-align-justify has-text-align-justify\">Merci \u00e0 ceux et celles qui ont particip\u00e9 aux ateliers-test en novembre et d\u00e9cembre 2025. Gr\u00e2ce \u00e0 vos contributions, je pourrai am\u00e9liorer mon contenu, et \u00e0 terme \u00e9galement vous proposer un site avec des replays, une gestion des inscriptions am\u00e9lior\u00e9es et un calendrier \u00e0 plus long terme. Cela me prend pour le moment plus de temps que pr\u00e9vu pour trouver la formule ad\u00e9quate.<\/p>\n\n\n\n<p class=\"has-text-align-justify has-text-align-justify\">Cet atelier (description plus bas) reviendra en 2026, donc n&rsquo;h\u00e9sitez pas \u00e0 vous inscrire \u00e0 la liste de diffusion ci-dessous si vous souhaitez \u00eatre tenu(e) au courant. D&rsquo;autres sujets seront \u00e9galement en pr\u00e9paration au fil du temps, pour couvrir d&rsquo;autres territoires, g\u00e9n\u00e9ralement en lien avec le nerf vague et la Th\u00e9orie Polyvagale (\u00e9largie).<\/p>\n\n\n\n<p>Merci \u00e0 vous et \u00e0 bient\u00f4t!<\/p>\n\n\n\n<p><\/p>\n\n\n\n<div class=\"wp-block-buttons is-content-justification-center is-layout-flex wp-container-core-buttons-is-layout-16018d1d wp-block-buttons-is-layout-flex\">\n<div class=\"wp-block-button is-style-fill\"><a class=\"wp-block-button__link has-text-align-center wp-element-button\" href=\"https:\/\/forms.gle\/GyfQ7phDSsEua7Tt5\"><mark style=\"background-color:rgba(0, 0, 0, 0)\" class=\"has-inline-color has-luminous-vivid-amber-color\">Inscription liste de diffusion ateliers<\/mark><\/a><\/div>\n<\/div>\n\n\n\n<p class=\"has-text-align-justify has-text-align-justify\">Je vous propose un atelier d\u00e9couverte qui couvrira 5 pratiques et exercices d&rsquo;autor\u00e9gulation inspir\u00e9s par la th\u00e9orie polyvagale et expliqu\u00e9s par la neurobiologie du syst\u00e8me nerveux autonome. Je vous pr\u00e9senterai plusieurs techniques, dont certaines que nous pourrons exp\u00e9rimenter ensemble, ainsi que des explications sur leurs fondements physiologiques. Au programme au moins 2 exercices dont vous n&rsquo;aurez probablement jamais entendu parler (sauf si vous venez de lire l&rsquo;<a href=\"https:\/\/metacosme.me\/index.php\/2021\/04\/30\/theorie-polyvagale\/\">article sur la th\u00e9orie polyvagale<\/a>, auquel cas vous venez de lire l&rsquo;un d&rsquo;eux &#8211; mais c&rsquo;est encore mieux de le faire ensemble!), des variantes des exercices les plus populaires en TPV, pourquoi et comment ils fonctionnent, qu&rsquo;en attendre et quelles sont leurs limites.&nbsp;<\/p>\n\n\n\n<p class=\"has-text-align-justify has-text-align-justify\">Les s\u00e9ances se d\u00e9rouleront en ligne via Zoom et leur dur\u00e9e devrait tourner autour de 1h30, puis laisser la place \u00e0 des questions et \u00e9changes en sus.<\/p>\n\n\n\n<p class=\"has-text-align-justify has-text-align-justify\">Les sessions-test sont gratuites, et par la suite je demanderai une contribution de 5 \u00e0 10\u20ac, et cr\u00e9erai un syst\u00e8me de \u00ab\u00a0tips\u00a0\u00bb (donations) pour ceux et celles qui souhaitent contribuer davantage librement.&nbsp;&nbsp;<\/p>\n\n\n\n<p class=\"has-text-align-justify has-text-align-justify\">Si vous souhaitez \u00eatre tenu(e) au courant des dates des ateliers apr\u00e8s la phase de test, vous pouvez vous inscrire \u00e0 la liste de diffusion relative aux ateliers. Merci d&rsquo;avance!<\/p>\n\n\n\n<div class=\"wp-block-buttons is-content-justification-center is-layout-flex wp-container-core-buttons-is-layout-16018d1d wp-block-buttons-is-layout-flex\">\n<div class=\"wp-block-button is-style-fill\"><a class=\"wp-block-button__link has-text-align-center wp-element-button\" href=\"https:\/\/forms.gle\/GyfQ7phDSsEua7Tt5\"><mark style=\"background-color:rgba(0, 0, 0, 0)\" class=\"has-inline-color has-luminous-vivid-amber-color\">Inscription liste de diffusion ateliers<\/mark><\/a><\/div>\n<\/div>\n\n\n\n<p><\/p>\n\n\n\n<p>A bient\u00f4t peut-\u00eatre en live!<\/p>\n\n\n\n<p>Isabelle<\/p>\n\n\n\n<p><\/p>\n","protected":false},"excerpt":{"rendered":"<p>Atelier D\u00e9couverte De retour en 2026! Attention! Si vous avez manifest\u00e9 votre int\u00e9r\u00eat, v\u00e9rifiez bien vos spams pour les communications ult\u00e9rieures. Vous recevrez les mails&hellip;<\/p>\n","protected":false},"author":2,"featured_media":0,"parent":0,"menu_order":0,"comment_status":"closed","ping_status":"closed","template":"","meta":{"footnotes":""},"class_list":["post-369","page","type-page","status-publish","hentry"],"yoast_head":"<!-- This site is optimized with the Yoast SEO plugin v26.9 - https:\/\/yoast.com\/product\/yoast-seo-wordpress\/ -->\n<title>Ateliers - Metacosme<\/title>\n<meta name=\"description\" content=\"Atelier d&#039;exercices d&#039;autor\u00e9gulation (gestion du stress) inspir\u00e9s de la th\u00e9orie polyvagale\" \/>\n<meta name=\"robots\" content=\"index, follow, max-snippet:-1, max-image-preview:large, max-video-preview:-1\" \/>\n<link rel=\"canonical\" href=\"https:\/\/metacosme.me\/index.php\/atelier-gestion-stress-theorie-polyvagale\/\" \/>\n<meta property=\"og:locale\" content=\"fr_FR\" \/>\n<meta property=\"og:type\" content=\"article\" \/>\n<meta property=\"og:title\" content=\"Ateliers - Metacosme\" \/>\n<meta property=\"og:description\" content=\"Atelier d&#039;exercices d&#039;autor\u00e9gulation (gestion du stress) inspir\u00e9s de la th\u00e9orie polyvagale\" \/>\n<meta property=\"og:url\" content=\"https:\/\/metacosme.me\/index.php\/atelier-gestion-stress-theorie-polyvagale\/\" \/>\n<meta property=\"og:site_name\" content=\"Metacosme\" \/>\n<meta property=\"article:modified_time\" content=\"2026-01-31T16:18:35+00:00\" \/>\n<meta property=\"og:image\" content=\"https:\/\/metacosme.me\/wp-content\/uploads\/2021\/02\/Pissenlit-montgolfiere.jpg\" \/>\n\t<meta property=\"og:image:width\" content=\"1920\" \/>\n\t<meta property=\"og:image:height\" content=\"1101\" \/>\n\t<meta property=\"og:image:type\" content=\"image\/jpeg\" \/>\n<meta name=\"twitter:card\" content=\"summary_large_image\" \/>\n<meta name=\"twitter:label1\" content=\"Dur\u00e9e de lecture estim\u00e9e\" \/>\n\t<meta name=\"twitter:data1\" content=\"3 minutes\" \/>\n<script type=\"application\/ld+json\" class=\"yoast-schema-graph\">{\"@context\":\"https:\/\/schema.org\",\"@graph\":[{\"@type\":\"WebPage\",\"@id\":\"https:\/\/metacosme.me\/index.php\/atelier-gestion-stress-theorie-polyvagale\/\",\"url\":\"https:\/\/metacosme.me\/index.php\/atelier-gestion-stress-theorie-polyvagale\/\",\"name\":\"Ateliers - Metacosme\",\"isPartOf\":{\"@id\":\"https:\/\/metacosme.me\/#website\"},\"primaryImageOfPage\":{\"@id\":\"https:\/\/metacosme.me\/index.php\/atelier-gestion-stress-theorie-polyvagale\/#primaryimage\"},\"image\":{\"@id\":\"https:\/\/metacosme.me\/index.php\/atelier-gestion-stress-theorie-polyvagale\/#primaryimage\"},\"thumbnailUrl\":\"https:\/\/metacosme.me\/wp-content\/uploads\/2021\/02\/Pissenlit-montgolfiere-1024x587.jpg\",\"datePublished\":\"2025-10-05T13:46:55+00:00\",\"dateModified\":\"2026-01-31T16:18:35+00:00\",\"description\":\"Atelier d'exercices d'autor\u00e9gulation (gestion du stress) inspir\u00e9s de la th\u00e9orie polyvagale\",\"breadcrumb\":{\"@id\":\"https:\/\/metacosme.me\/index.php\/atelier-gestion-stress-theorie-polyvagale\/#breadcrumb\"},\"inLanguage\":\"fr-FR\",\"potentialAction\":[{\"@type\":\"ReadAction\",\"target\":[\"https:\/\/metacosme.me\/index.php\/atelier-gestion-stress-theorie-polyvagale\/\"]}]},{\"@type\":\"ImageObject\",\"inLanguage\":\"fr-FR\",\"@id\":\"https:\/\/metacosme.me\/index.php\/atelier-gestion-stress-theorie-polyvagale\/#primaryimage\",\"url\":\"https:\/\/metacosme.me\/wp-content\/uploads\/2021\/02\/Pissenlit-montgolfiere.jpg\",\"contentUrl\":\"https:\/\/metacosme.me\/wp-content\/uploads\/2021\/02\/Pissenlit-montgolfiere.jpg\",\"width\":1920,\"height\":1101},{\"@type\":\"BreadcrumbList\",\"@id\":\"https:\/\/metacosme.me\/index.php\/atelier-gestion-stress-theorie-polyvagale\/#breadcrumb\",\"itemListElement\":[{\"@type\":\"ListItem\",\"position\":1,\"name\":\"Accueil\",\"item\":\"https:\/\/metacosme.me\/\"},{\"@type\":\"ListItem\",\"position\":2,\"name\":\"Ateliers\"}]},{\"@type\":\"WebSite\",\"@id\":\"https:\/\/metacosme.me\/#website\",\"url\":\"https:\/\/metacosme.me\/\",\"name\":\"Metacosme\",\"description\":\"\",\"publisher\":{\"@id\":\"https:\/\/metacosme.me\/#\/schema\/person\/5afbcafa721d23568101319b102753a2\"},\"potentialAction\":[{\"@type\":\"SearchAction\",\"target\":{\"@type\":\"EntryPoint\",\"urlTemplate\":\"https:\/\/metacosme.me\/?s={search_term_string}\"},\"query-input\":{\"@type\":\"PropertyValueSpecification\",\"valueRequired\":true,\"valueName\":\"search_term_string\"}}],\"inLanguage\":\"fr-FR\"},{\"@type\":[\"Person\",\"Organization\"],\"@id\":\"https:\/\/metacosme.me\/#\/schema\/person\/5afbcafa721d23568101319b102753a2\",\"name\":\"Isabelle\",\"image\":{\"@type\":\"ImageObject\",\"inLanguage\":\"fr-FR\",\"@id\":\"https:\/\/metacosme.me\/#\/schema\/person\/image\/\",\"url\":\"https:\/\/secure.gravatar.com\/avatar\/9fe1e2c9e7efb129e330c04b7831b190a08a0cb4f2a8ac8721bdb6a55e70ee09?s=96&d=mm&r=g\",\"contentUrl\":\"https:\/\/secure.gravatar.com\/avatar\/9fe1e2c9e7efb129e330c04b7831b190a08a0cb4f2a8ac8721bdb6a55e70ee09?s=96&d=mm&r=g\",\"caption\":\"Isabelle\"},\"logo\":{\"@id\":\"https:\/\/metacosme.me\/#\/schema\/person\/image\/\"},\"sameAs\":[\"http:\/\/www.metacosme.me\"]}]}<\/script>\n<!-- \/ Yoast SEO plugin. -->","yoast_head_json":{"title":"Ateliers - Metacosme","description":"Atelier d'exercices d'autor\u00e9gulation (gestion du stress) inspir\u00e9s de la th\u00e9orie polyvagale","robots":{"index":"index","follow":"follow","max-snippet":"max-snippet:-1","max-image-preview":"max-image-preview:large","max-video-preview":"max-video-preview:-1"},"canonical":"https:\/\/metacosme.me\/index.php\/atelier-gestion-stress-theorie-polyvagale\/","og_locale":"fr_FR","og_type":"article","og_title":"Ateliers - Metacosme","og_description":"Atelier d'exercices d'autor\u00e9gulation (gestion du stress) inspir\u00e9s de la th\u00e9orie polyvagale","og_url":"https:\/\/metacosme.me\/index.php\/atelier-gestion-stress-theorie-polyvagale\/","og_site_name":"Metacosme","article_modified_time":"2026-01-31T16:18:35+00:00","og_image":[{"width":1920,"height":1101,"url":"https:\/\/metacosme.me\/wp-content\/uploads\/2021\/02\/Pissenlit-montgolfiere.jpg","type":"image\/jpeg"}],"twitter_card":"summary_large_image","twitter_misc":{"Dur\u00e9e de lecture estim\u00e9e":"3 minutes"},"schema":{"@context":"https:\/\/schema.org","@graph":[{"@type":"WebPage","@id":"https:\/\/metacosme.me\/index.php\/atelier-gestion-stress-theorie-polyvagale\/","url":"https:\/\/metacosme.me\/index.php\/atelier-gestion-stress-theorie-polyvagale\/","name":"Ateliers - Metacosme","isPartOf":{"@id":"https:\/\/metacosme.me\/#website"},"primaryImageOfPage":{"@id":"https:\/\/metacosme.me\/index.php\/atelier-gestion-stress-theorie-polyvagale\/#primaryimage"},"image":{"@id":"https:\/\/metacosme.me\/index.php\/atelier-gestion-stress-theorie-polyvagale\/#primaryimage"},"thumbnailUrl":"https:\/\/metacosme.me\/wp-content\/uploads\/2021\/02\/Pissenlit-montgolfiere-1024x587.jpg","datePublished":"2025-10-05T13:46:55+00:00","dateModified":"2026-01-31T16:18:35+00:00","description":"Atelier d'exercices d'autor\u00e9gulation (gestion du stress) inspir\u00e9s de la th\u00e9orie polyvagale","breadcrumb":{"@id":"https:\/\/metacosme.me\/index.php\/atelier-gestion-stress-theorie-polyvagale\/#breadcrumb"},"inLanguage":"fr-FR","potentialAction":[{"@type":"ReadAction","target":["https:\/\/metacosme.me\/index.php\/atelier-gestion-stress-theorie-polyvagale\/"]}]},{"@type":"ImageObject","inLanguage":"fr-FR","@id":"https:\/\/metacosme.me\/index.php\/atelier-gestion-stress-theorie-polyvagale\/#primaryimage","url":"https:\/\/metacosme.me\/wp-content\/uploads\/2021\/02\/Pissenlit-montgolfiere.jpg","contentUrl":"https:\/\/metacosme.me\/wp-content\/uploads\/2021\/02\/Pissenlit-montgolfiere.jpg","width":1920,"height":1101},{"@type":"BreadcrumbList","@id":"https:\/\/metacosme.me\/index.php\/atelier-gestion-stress-theorie-polyvagale\/#breadcrumb","itemListElement":[{"@type":"ListItem","position":1,"name":"Accueil","item":"https:\/\/metacosme.me\/"},{"@type":"ListItem","position":2,"name":"Ateliers"}]},{"@type":"WebSite","@id":"https:\/\/metacosme.me\/#website","url":"https:\/\/metacosme.me\/","name":"Metacosme","description":"","publisher":{"@id":"https:\/\/metacosme.me\/#\/schema\/person\/5afbcafa721d23568101319b102753a2"},"potentialAction":[{"@type":"SearchAction","target":{"@type":"EntryPoint","urlTemplate":"https:\/\/metacosme.me\/?s={search_term_string}"},"query-input":{"@type":"PropertyValueSpecification","valueRequired":true,"valueName":"search_term_string"}}],"inLanguage":"fr-FR"},{"@type":["Person","Organization"],"@id":"https:\/\/metacosme.me\/#\/schema\/person\/5afbcafa721d23568101319b102753a2","name":"Isabelle","image":{"@type":"ImageObject","inLanguage":"fr-FR","@id":"https:\/\/metacosme.me\/#\/schema\/person\/image\/","url":"https:\/\/secure.gravatar.com\/avatar\/9fe1e2c9e7efb129e330c04b7831b190a08a0cb4f2a8ac8721bdb6a55e70ee09?s=96&d=mm&r=g","contentUrl":"https:\/\/secure.gravatar.com\/avatar\/9fe1e2c9e7efb129e330c04b7831b190a08a0cb4f2a8ac8721bdb6a55e70ee09?s=96&d=mm&r=g","caption":"Isabelle"},"logo":{"@id":"https:\/\/metacosme.me\/#\/schema\/person\/image\/"},"sameAs":["http:\/\/www.metacosme.me"]}]}},"jetpack_sharing_enabled":true,"_links":{"self":[{"href":"https:\/\/metacosme.me\/index.php\/wp-json\/wp\/v2\/pages\/369","targetHints":{"allow":["GET"]}}],"collection":[{"href":"https:\/\/metacosme.me\/index.php\/wp-json\/wp\/v2\/pages"}],"about":[{"href":"https:\/\/metacosme.me\/index.php\/wp-json\/wp\/v2\/types\/page"}],"author":[{"embeddable":true,"href":"https:\/\/metacosme.me\/index.php\/wp-json\/wp\/v2\/users\/2"}],"replies":[{"embeddable":true,"href":"https:\/\/metacosme.me\/index.php\/wp-json\/wp\/v2\/comments?post=369"}],"version-history":[{"count":20,"href":"https:\/\/metacosme.me\/index.php\/wp-json\/wp\/v2\/pages\/369\/revisions"}],"predecessor-version":[{"id":527,"href":"https:\/\/metacosme.me\/index.php\/wp-json\/wp\/v2\/pages\/369\/revisions\/527"}],"wp:attachment":[{"href":"https:\/\/metacosme.me\/index.php\/wp-json\/wp\/v2\/media?parent=369"}],"curies":[{"name":"wp","href":"https:\/\/api.w.org\/{rel}","templated":true}]}}